{"id":2585,"date":"2022-12-22T19:34:39","date_gmt":"2022-12-22T17:34:39","guid":{"rendered":"https:\/\/centreikebana.com\/mantenimiento\/"},"modified":"2022-12-22T19:34:41","modified_gmt":"2022-12-22T17:34:41","slug":"mantenimiento","status":"publish","type":"page","link":"https:\/\/centreikebana.com\/es\/mantenimiento\/","title":{"rendered":"MANTENIMIENTO"},"content":{"rendered":"<p>[et_pb_section fb_built=\u00bb1&#8243; _builder_version=\u00bb4.17.6&#8243; _module_preset=\u00bbdefault\u00bb custom_padding=\u00bb7px|||||\u00bb global_colors_info=\u00bb{}\u00bb][et_pb_row _builder_version=\u00bb4.17.6&#8243; _module_preset=\u00bbdefault\u00bb custom_margin=\u00bb3px|auto||auto||\u00bb custom_padding=\u00bb9px||8px|||\u00bb global_colors_info=\u00bb{}\u00bb][et_pb_column type=\u00bb4_4&#8243; _builder_version=\u00bb4.17.6&#8243; _module_preset=\u00bbdefault\u00bb global_colors_info=\u00bb{}\u00bb][et_pb_image src=\u00bbhttp:\/\/centreikebana.com\/wp-content\/uploads\/2020\/10\/logo-ikebana.jpg\u00bb title_text=\u00bblogo-ikebana\u00bb _builder_version=\u00bb4.17.6&#8243; _module_preset=\u00bbdefault\u00bb width=\u00bb15%\u00bb width_tablet=\u00bb18%\u00bb width_phone=\u00bb31%\u00bb width_last_edited=\u00bbon|desktop\u00bb module_alignment=\u00bbcenter\u00bb hover_enabled=\u00bb0&#8243; global_colors_info=\u00bb{}\u00bb url=\u00bb@ET-DC@eyJkeW5hbWljIjp0cnVlLCJjb250ZW50IjoicG9zdF9saW5rX3VybF9wYWdlIiwic2V0dGluZ3MiOnsicG9zdF9pZCI6IjEyNDcifX0=@\u00bb _dynamic_attributes=\u00bburl\u00bb sticky_enabled=\u00bb0&#8243;][\/et_pb_image][\/et_pb_column][\/et_pb_row][\/et_pb_section][et_pb_section fb_built=\u00bb1&#8243; _builder_version=\u00bb4.17.6&#8243; _module_preset=\u00bbdefault\u00bb background_image=\u00bbhttp:\/\/centreikebana.com\/wp-content\/uploads\/2022\/10\/Massage.jpg\u00bb min_height=\u00bb799px\u00bb min_height_tablet=\u00bb594px\u00bb min_height_phone=\u00bb330px\u00bb min_height_last_edited=\u00bbon|phone\u00bb custom_margin=\u00bb-69px|||||\u00bb top_divider_style=\u00bbwave2&#8243; top_divider_color=\u00bb#ffffff\u00bb bottom_divider_style=\u00bbwave2&#8243; bottom_divider_color=\u00bb#ffffff\u00bb global_colors_info=\u00bb{}\u00bb][\/et_pb_section][et_pb_section fb_built=\u00bb1&#8243; _builder_version=\u00bb4.17.6&#8243; _module_preset=\u00bbdefault\u00bb min_height=\u00bb309px\u00bb custom_padding=\u00bb17px||0px|||\u00bb global_colors_info=\u00bb{}\u00bb][et_pb_row _builder_version=\u00bb4.17.6&#8243; _module_preset=\u00bbdefault\u00bb custom_margin=\u00bb13px|auto||auto||\u00bb global_colors_info=\u00bb{}\u00bb][et_pb_column type=\u00bb4_4&#8243; _builder_version=\u00bb4.17.6&#8243; _module_preset=\u00bbdefault\u00bb global_colors_info=\u00bb{}\u00bb][et_pb_text _builder_version=\u00bb4.17.6&#8243; _module_preset=\u00bbdefault\u00bb text_font=\u00bbAbel||||||||\u00bb header_2_font=\u00bbAbel||||||||\u00bb header_2_text_align=\u00bbcenter\u00bb header_2_font_size=\u00bb28px\u00bb custom_margin=\u00bb||64px|||\u00bb hover_enabled=\u00bb0&#8243; text_font_tablet=\u00bbAbel||||||||\u00bb text_font_phone=\u00bbAbel||||||||\u00bb text_font_last_edited=\u00bbon|tablet\u00bb text_font_size_tablet=\u00bb\u00bb text_font_size_phone=\u00bb11px\u00bb text_font_size_last_edited=\u00bbon|desktop\u00bb header_font_size_tablet=\u00bb\u00bb header_font_size_phone=\u00bb\u00bb header_font_size_last_edited=\u00bbon|tablet\u00bb inline_fonts=\u00bbAbel\u00bb global_colors_info=\u00bb{}\u00bb sticky_enabled=\u00bb0&#8243;]<\/p>\n<h2 style=\"text-align: center;\"><span style=\"font-family: Abel; font-weight: normal; font-size: xx-large; color: #000000;\"><strong>ESTA P\u00c1GINA ES COMO T\u00da&#8230;<\/strong><\/span><\/h2>\n<h2 style=\"text-align: center;\"><span style=\"font-family: Abel; font-weight: normal; font-size: xx-large; color: #000000;\"><strong>\u00a1MERECE LO MEJOR!<\/strong><\/span><\/h2>\n<h2 style=\"text-align: center;\"><span style=\"font-family: Abel; font-weight: normal; font-size: xx-large; color: #000000;\"><strong>LE ESTAMOS HACIENDO UN TRATAMIENTO.<\/strong><\/span><\/h2>\n<p>[\/et_pb_text][et_pb_divider divider_weight=\u00bb8px\u00bb _builder_version=\u00bb4.17.6&#8243; _module_preset=\u00bbdefault\u00bb global_colors_info=\u00bb{}\u00bb][\/et_pb_divider][\/et_pb_column][\/et_pb_row][\/et_pb_section][et_pb_section fb_built=\u00bb1&#8243; _builder_version=\u00bb4.17.6&#8243; _module_preset=\u00bbdefault\u00bb min_height=\u00bb1352.6px\u00bb custom_margin=\u00bb-1px|||||\u00bb custom_padding=\u00bb46px||22px|||\u00bb global_colors_info=\u00bb{}\u00bb][et_pb_row _builder_version=\u00bb4.17.6&#8243; _module_preset=\u00bbdefault\u00bb custom_padding=\u00bb8px|||||\u00bb global_colors_info=\u00bb{}\u00bb][et_pb_column type=\u00bb4_4&#8243; _builder_version=\u00bb4.17.6&#8243; _module_preset=\u00bbdefault\u00bb global_colors_info=\u00bb{}\u00bb][et_pb_text _builder_version=\u00bb4.17.6&#8243; _module_preset=\u00bbdefault\u00bb text_font=\u00bbAbel||||||||\u00bb text_text_color=\u00bb#000000&#8243; text_font_size=\u00bb72px\u00bb text_letter_spacing=\u00bb70px\u00bb header_font_size=\u00bb1px\u00bb width=\u00bb100%\u00bb text_font_size_tablet=\u00bb72px\u00bb text_font_size_phone=\u00bb72px\u00bb text_font_size_last_edited=\u00bbon|tablet\u00bb text_letter_spacing_tablet=\u00bb50px\u00bb text_letter_spacing_phone=\u00bb22px\u00bb text_letter_spacing_last_edited=\u00bbon|tablet\u00bb inline_fonts=\u00bbAbel\u00bb global_colors_info=\u00bb{}\u00bb]<\/p>\n<h1 style=\"text-align: center;\"><strong><span style=\"color: #000000; font-size: xx-large; font-family: Abel;\">REDES<\/span><\/strong><\/h1>\n<p>[\/et_pb_text][\/et_pb_column][\/et_pb_row][et_pb_row _builder_version=\u00bb4.17.6&#8243; _module_preset=\u00bbdefault\u00bb global_colors_info=\u00bb{}\u00bb][et_pb_column type=\u00bb4_4&#8243; _builder_version=\u00bb4.17.6&#8243; _module_preset=\u00bbdefault\u00bb global_colors_info=\u00bb{}\u00bb][et_pb_code _builder_version=\u00bb4.17.6&#8243; _module_preset=\u00bbdefault\u00bb width_tablet=\u00bb\u00bb width_phone=\u00bb\u00bb width_last_edited=\u00bbon|tablet\u00bb module_alignment=\u00bbcenter\u00bb max_height_tablet=\u00bb\u00bb max_height_phone=\u00bb\u00bb max_height_last_edited=\u00bbon|desktop\u00bb custom_margin=\u00bb-26px|||||\u00bb global_colors_info=\u00bb{}\u00bb]\t\t<div id=\"sbi_mod_error\" >\n\t\t\t<span>Este mensaje de error solo es visible para los administradores de WordPress<\/span><br \/>\n\t\t\t<p><strong>Error: No se ha encontrado ning\u00fan feed con el ID 1.<\/strong>\n\t\t\t<p>Por favor, ve a la p\u00e1gina de ajustes de Instagram Feed para crear un feed.<\/p>\n\t\t<\/div>\n\t\t[\/et_pb_code][\/et_pb_column][\/et_pb_row][\/et_pb_section][et_pb_section fb_built=\u00bb1&#8243; prev_background_color=\u00bb#ffffff\u00bb _builder_version=\u00bb4.17.6&#8243; _module_preset=\u00bbdefault\u00bb background_color=\u00bb#000000&#8243; custom_padding=\u00bb112px|||||\u00bb top_divider_style=\u00bbwave2&#8243; global_colors_info=\u00bb{}\u00bb][et_pb_row _builder_version=\u00bb4.17.6&#8243; _module_preset=\u00bbdefault\u00bb custom_margin=\u00bb|auto|51px|auto||\u00bb custom_padding=\u00bb||6px|||\u00bb global_colors_info=\u00bb{}\u00bb][et_pb_column type=\u00bb4_4&#8243; _builder_version=\u00bb4.17.6&#8243; _module_preset=\u00bbdefault\u00bb global_colors_info=\u00bb{}\u00bb][et_pb_text _builder_version=\u00bb4.17.6&#8243; _module_preset=\u00bbdefault\u00bb text_font=\u00bbAbel||||||||\u00bb text_text_color=\u00bb#000000&#8243; text_font_size=\u00bb72px\u00bb text_letter_spacing=\u00bb70px\u00bb header_text_align=\u00bbcenter\u00bb header_font_size=\u00bb1px\u00bb width=\u00bb100%\u00bb width_tablet=\u00bb100%\u00bb width_phone=\u00bb100%\u00bb width_last_edited=\u00bbon|tablet\u00bb text_font_size_tablet=\u00bb72px\u00bb text_font_size_phone=\u00bb72px\u00bb text_font_size_last_edited=\u00bbon|tablet\u00bb text_letter_spacing_tablet=\u00bb58px\u00bb text_letter_spacing_phone=\u00bb23px\u00bb text_letter_spacing_last_edited=\u00bbon|desktop\u00bb header_text_align_tablet=\u00bbcenter\u00bb header_text_align_phone=\u00bbcenter\u00bb header_text_align_last_edited=\u00bbon|phone\u00bb inline_fonts=\u00bbAbel\u00bb global_colors_info=\u00bb{}\u00bb]<\/p>\n<h1 style=\"text-align: center;\"><span style=\"color: #ffffff;\"><strong><span style=\"font-size: xx-large; font-family: Abel;\">CONTACTO<\/span><\/strong><\/span><\/h1>\n<p>[\/et_pb_text][et_pb_contact_form email=\u00bbikebana@centreikebana.com\u00bb _builder_version=\u00bb4.17.6&#8243; _module_preset=\u00bbdefault\u00bb _unique_id=\u00bb8ed98d4b-3cff-4883-8534-b5310ec6d07e\u00bb captcha_text_color=\u00bb#FFFFFF\u00bb custom_button=\u00bbon\u00bb button_text_color=\u00bb#000000&#8243; button_bg_color=\u00bb#FFFFFF\u00bb button_border_color=\u00bb#000000&#8243; button_icon_color=\u00bb#000000&#8243; global_colors_info=\u00bb{}\u00bb][et_pb_contact_field field_id=\u00bbNOM\u00bb field_title=\u00bbNom\u00bb _builder_version=\u00bb4.17.6&#8243; global_colors_info=\u00bb{}\u00bb button_text_size__hover_enabled=\u00bboff\u00bb button_one_text_size__hover_enabled=\u00bboff\u00bb button_two_text_size__hover_enabled=\u00bboff\u00bb button_text_color__hover_enabled=\u00bboff\u00bb button_one_text_color__hover_enabled=\u00bboff\u00bb button_two_text_color__hover_enabled=\u00bboff\u00bb button_border_width__hover_enabled=\u00bboff\u00bb button_one_border_width__hover_enabled=\u00bboff\u00bb button_two_border_width__hover_enabled=\u00bboff\u00bb button_border_color__hover_enabled=\u00bboff\u00bb button_one_border_color__hover_enabled=\u00bboff\u00bb button_two_border_color__hover_enabled=\u00bboff\u00bb button_border_radius__hover_enabled=\u00bboff\u00bb button_one_border_radius__hover_enabled=\u00bboff\u00bb button_two_border_radius__hover_enabled=\u00bboff\u00bb button_letter_spacing__hover_enabled=\u00bboff\u00bb button_one_letter_spacing__hover_enabled=\u00bboff\u00bb button_two_letter_spacing__hover_enabled=\u00bboff\u00bb button_bg_color__hover_enabled=\u00bboff\u00bb button_one_bg_color__hover_enabled=\u00bboff\u00bb button_two_bg_color__hover_enabled=\u00bboff\u00bb][\/et_pb_contact_field][et_pb_contact_field field_id=\u00bbEmail\u00bb field_title=\u00bbAdre\u00e7a de correu electr\u00f2nic\u00bb field_type=\u00bbemail\u00bb _builder_version=\u00bb4.17.6&#8243; global_colors_info=\u00bb{}\u00bb button_text_size__hover_enabled=\u00bboff\u00bb button_one_text_size__hover_enabled=\u00bboff\u00bb button_two_text_size__hover_enabled=\u00bboff\u00bb button_text_color__hover_enabled=\u00bboff\u00bb button_one_text_color__hover_enabled=\u00bboff\u00bb button_two_text_color__hover_enabled=\u00bboff\u00bb button_border_width__hover_enabled=\u00bboff\u00bb button_one_border_width__hover_enabled=\u00bboff\u00bb button_two_border_width__hover_enabled=\u00bboff\u00bb button_border_color__hover_enabled=\u00bboff\u00bb button_one_border_color__hover_enabled=\u00bboff\u00bb button_two_border_color__hover_enabled=\u00bboff\u00bb button_border_radius__hover_enabled=\u00bboff\u00bb button_one_border_radius__hover_enabled=\u00bboff\u00bb button_two_border_radius__hover_enabled=\u00bboff\u00bb button_letter_spacing__hover_enabled=\u00bboff\u00bb button_one_letter_spacing__hover_enabled=\u00bboff\u00bb button_two_letter_spacing__hover_enabled=\u00bboff\u00bb button_bg_color__hover_enabled=\u00bboff\u00bb button_one_bg_color__hover_enabled=\u00bboff\u00bb button_two_bg_color__hover_enabled=\u00bboff\u00bb][\/et_pb_contact_field][et_pb_contact_field field_id=\u00bbMissatge\u00bb field_title=\u00bbMissatge\u00bb field_type=\u00bbtext\u00bb fullwidth_field=\u00bbon\u00bb _builder_version=\u00bb4.17.6&#8243; global_colors_info=\u00bb{}\u00bb button_text_size__hover_enabled=\u00bboff\u00bb button_one_text_size__hover_enabled=\u00bboff\u00bb button_two_text_size__hover_enabled=\u00bboff\u00bb button_text_color__hover_enabled=\u00bboff\u00bb button_one_text_color__hover_enabled=\u00bboff\u00bb button_two_text_color__hover_enabled=\u00bboff\u00bb button_border_width__hover_enabled=\u00bboff\u00bb button_one_border_width__hover_enabled=\u00bboff\u00bb button_two_border_width__hover_enabled=\u00bboff\u00bb button_border_color__hover_enabled=\u00bboff\u00bb button_one_border_color__hover_enabled=\u00bboff\u00bb button_two_border_color__hover_enabled=\u00bboff\u00bb button_border_radius__hover_enabled=\u00bboff\u00bb button_one_border_radius__hover_enabled=\u00bboff\u00bb button_two_border_radius__hover_enabled=\u00bboff\u00bb button_letter_spacing__hover_enabled=\u00bboff\u00bb button_one_letter_spacing__hover_enabled=\u00bboff\u00bb button_two_letter_spacing__hover_enabled=\u00bboff\u00bb button_bg_color__hover_enabled=\u00bboff\u00bb button_one_bg_color__hover_enabled=\u00bboff\u00bb button_two_bg_color__hover_enabled=\u00bboff\u00bb][\/et_pb_contact_field][\/et_pb_contact_form][\/et_pb_column][\/et_pb_row][et_pb_row column_structure=\u00bb1_3,1_3,1_3&#8243; _builder_version=\u00bb4.17.6&#8243; _module_preset=\u00bbdefault\u00bb custom_margin=\u00bb-32px||||false|false\u00bb custom_margin_tablet=\u00bb-45px||||false|false\u00bb custom_margin_phone=\u00bb-55px||||false|false\u00bb custom_margin_last_edited=\u00bbon|phone\u00bb global_colors_info=\u00bb{}\u00bb][et_pb_column type=\u00bb1_3&#8243; _builder_version=\u00bb4.16&#8243; _module_preset=\u00bbdefault\u00bb global_colors_info=\u00bb{}\u00bb][et_pb_blurb title=\u00bbEmail\u00bb use_icon=\u00bbon\u00bb font_icon=\u00bb\ue010||divi||400&#8243; icon_color=\u00bb#FFFFFF\u00bb image_icon_background_color=\u00bb#000000&#8243; icon_placement=\u00bbleft\u00bb image_icon_width=\u00bb16px\u00bb content_max_width=\u00bb100%\u00bb _builder_version=\u00bb4.17.6&#8243; _module_preset=\u00bb7bf34bec-d877-45ff-9e8f-88241a6e2890&#8243; header_font=\u00bbLato|600|||||||\u00bb header_text_color=\u00bb#a3a7ac\u00bb header_font_size=\u00bb12px\u00bb body_font=\u00bbLato||||||||\u00bb body_text_color=\u00bb#000000&#8243; body_font_size=\u00bb16px\u00bb body_line_height=\u00bb1.3em\u00bb body_link_text_color=\u00bb#3C5BFF\u00bb background_color=\u00bb#FFFFFF\u00bb image_icon_custom_padding=\u00bb8px|8px|8px|8px|false|false\u00bb custom_padding=\u00bb30px|20px|30px|20px|true|true\u00bb body_font_size_tablet=\u00bb18px\u00bb body_font_size_phone=\u00bb14px\u00bb body_font_size_last_edited=\u00bbon|phone\u00bb border_radii_image=\u00bbon|100%|100%|100%|100%\u00bb box_shadow_style=\u00bbpreset3&#8243; box_shadow_vertical=\u00bb40px\u00bb box_shadow_blur=\u00bb60px\u00bb box_shadow_spread=\u00bb-10px\u00bb box_shadow_color=\u00bbrgba(0,0,0,0.2)\u00bb use_circle=\u00bbon\u00bb circle_color=\u00bb#01012c\u00bb locked=\u00bboff\u00bb global_colors_info=\u00bb{}\u00bb image_icon_background_color__sticky_enabled=\u00bb#ff6600&#8243; image_icon_background_color__sticky=\u00bb#ff6600&#8243;]<\/p>\n<p>ikebana@centreikebana.com<\/p>\n<p>[\/et_pb_blurb][\/et_pb_column][et_pb_column type=\u00bb1_3&#8243; _builder_version=\u00bb4.16&#8243; _module_preset=\u00bbdefault\u00bb global_colors_info=\u00bb{}\u00bb][et_pb_blurb title=\u00bbTel\u00e9fono\u00bb use_icon=\u00bbon\u00bb font_icon=\u00bb\ue00b||divi||400&#8243; icon_color=\u00bb#FFFFFF\u00bb image_icon_background_color=\u00bb#000000&#8243; icon_placement=\u00bbleft\u00bb image_icon_width=\u00bb16px\u00bb content_max_width=\u00bb100%\u00bb _builder_version=\u00bb4.17.6&#8243; _module_preset=\u00bb7bf34bec-d877-45ff-9e8f-88241a6e2890&#8243; header_font=\u00bbLato|600|||||||\u00bb header_text_color=\u00bb#a3a7ac\u00bb header_font_size=\u00bb12px\u00bb body_font=\u00bbLato||||||||\u00bb body_text_color=\u00bb#000000&#8243; body_font_size=\u00bb16px\u00bb body_line_height=\u00bb1.3em\u00bb body_link_text_color=\u00bb#3C5BFF\u00bb background_color=\u00bb#FFFFFF\u00bb image_icon_custom_padding=\u00bb8px|8px|8px|8px|false|false\u00bb custom_padding=\u00bb30px|20px|30px|20px|true|true\u00bb body_font_size_tablet=\u00bb18px\u00bb body_font_size_phone=\u00bb14px\u00bb body_font_size_last_edited=\u00bbon|phone\u00bb border_radii_image=\u00bbon|100%|100%|100%|100%\u00bb box_shadow_style=\u00bbpreset3&#8243; box_shadow_vertical=\u00bb40px\u00bb box_shadow_blur=\u00bb60px\u00bb box_shadow_spread=\u00bb-10px\u00bb box_shadow_color=\u00bbrgba(0,0,0,0.2)\u00bb use_circle=\u00bbon\u00bb circle_color=\u00bb#01012c\u00bb locked=\u00bboff\u00bb global_colors_info=\u00bb{}\u00bb image_icon_background_color__sticky_enabled=\u00bb#ff6600&#8243; image_icon_background_color__sticky=\u00bb#ff6600&#8243;]<\/p>\n<p>+376 842 500<\/p>\n<p>[\/et_pb_blurb][\/et_pb_column][et_pb_column type=\u00bb1_3&#8243; _builder_version=\u00bb4.16&#8243; _module_preset=\u00bbdefault\u00bb global_colors_info=\u00bb{}\u00bb][et_pb_blurb title=\u00bbDirecci\u00f3n\u00bb use_icon=\u00bbon\u00bb font_icon=\u00bb\ue01d||divi||400&#8243; icon_color=\u00bb#FFFFFF\u00bb image_icon_background_color=\u00bb#000000&#8243; icon_placement=\u00bbleft\u00bb image_icon_width=\u00bb16px\u00bb content_max_width=\u00bb100%\u00bb _builder_version=\u00bb4.17.6&#8243; _module_preset=\u00bb7bf34bec-d877-45ff-9e8f-88241a6e2890&#8243; header_font=\u00bbLato|600|||||||\u00bb header_text_color=\u00bb#a3a7ac\u00bb header_font_size=\u00bb12px\u00bb body_font=\u00bbLato||||||||\u00bb body_text_color=\u00bb#000000&#8243; body_font_size=\u00bb16px\u00bb body_line_height=\u00bb1.3em\u00bb body_link_text_color=\u00bb#3C5BFF\u00bb background_color=\u00bb#FFFFFF\u00bb image_icon_custom_padding=\u00bb8px|8px|8px|8px|false|false\u00bb custom_padding=\u00bb30px|20px|30px|20px|true|true\u00bb body_font_size_tablet=\u00bb18px\u00bb body_font_size_phone=\u00bb14px\u00bb body_font_size_last_edited=\u00bbon|phone\u00bb border_radii_image=\u00bbon|100%|100%|100%|100%\u00bb box_shadow_style=\u00bbpreset3&#8243; box_shadow_vertical=\u00bb40px\u00bb box_shadow_blur=\u00bb60px\u00bb box_shadow_spread=\u00bb-10px\u00bb box_shadow_color=\u00bbrgba(0,0,0,0.2)\u00bb use_circle=\u00bbon\u00bb circle_color=\u00bb#01012c\u00bb locked=\u00bboff\u00bb global_colors_info=\u00bb{}\u00bb image_icon_background_color__sticky_enabled=\u00bb#ff6600&#8243; image_icon_background_color__sticky=\u00bb#ff6600&#8243;]<\/p>\n<p>&nbsp;<\/p>\n<p><span>Carrer Doctor Palau 46. AD600 Sant Juli\u00e1, Sant Juli\u00e0 de L\u00f2ria, Andorra<\/span><\/p>\n<p>&nbsp;<\/p>\n<p>[\/et_pb_blurb][\/et_pb_column][\/et_pb_row][\/et_pb_section]<\/p>\n","protected":false},"excerpt":{"rendered":"<p>ESTA P\u00c1GINA ES COMO T\u00da&#8230; \u00a1MERECE LO MEJOR! LE ESTAMOS HACIENDO UN TRATAMIENTO.REDES\t\t<div id=\"sbi_mod_error\" >\n\t\t\t<span>Este mensaje de error solo es visible para los administradores de WordPress<\/span><br \/>\n\t\t\t<p><strong>Error: No se ha encontrado ning\u00fan feed con el ID 1.<\/strong>\n\t\t\t<p>Por favor, ve a la p\u00e1gina de ajustes de Instagram Feed para crear un feed.<\/p>\n\t\t<\/div>\n\t\tCONTACTOikebana@centreikebana.com+376 842 500&nbsp; Carrer Doctor Palau 46. AD600 Sant Juli\u00e1, Sant Juli\u00e0 de L\u00f2ria, Andorra &nbsp;<\/p>\n","protected":false},"author":7,"featured_media":0,"parent":0,"menu_order":0,"comment_status":"closed","ping_status":"closed","template":"page-template-blank.php","meta":{"_et_pb_use_builder":"on","_et_pb_old_content":"","_et_gb_content_width":"","footnotes":""},"class_list":["post-2585","page","type-page","status-publish","hentry"],"yoast_head":"<!-- This site is optimized with the Yoast SEO plugin v24.1 - https:\/\/yoast.com\/wordpress\/plugins\/seo\/ -->\n<title>MANTENIMIENTO | Ikebana<\/title>\n<meta name=\"robots\" content=\"index, follow, max-snippet:-1, max-image-preview:large, max-video-preview:-1\" \/>\n<link rel=\"canonical\" href=\"https:\/\/centreikebana.com\/es\/mantenimiento\/\" \/>\n<meta property=\"og:locale\" content=\"es_ES\" \/>\n<meta property=\"og:type\" content=\"article\" \/>\n<meta property=\"og:title\" content=\"MANTENIMIENTO | Ikebana\" \/>\n<meta property=\"og:description\" content=\"ESTA P\u00c1GINA ES COMO T\u00da... \u00a1MERECE LO MEJOR! LE ESTAMOS HACIENDO UN TRATAMIENTO.REDESCONTACTOikebana@centreikebana.com+376 842 500&nbsp; Carrer Doctor Palau 46. AD600 Sant Juli\u00e1, Sant Juli\u00e0 de L\u00f2ria, Andorra &nbsp;\" \/>\n<meta property=\"og:url\" content=\"https:\/\/centreikebana.com\/es\/mantenimiento\/\" \/>\n<meta property=\"og:site_name\" content=\"Ikebana\" \/>\n<meta property=\"article:publisher\" content=\"https:\/\/www.facebook.com\/IkebanacentredesteticaIMassatges\/\" \/>\n<meta property=\"article:modified_time\" content=\"2022-12-22T17:34:41+00:00\" \/>\n<meta name=\"twitter:card\" content=\"summary_large_image\" \/>\n<meta name=\"twitter:label1\" content=\"Tiempo de lectura\" \/>\n\t<meta name=\"twitter:data1\" content=\"9 minutos\" \/>\n<script type=\"application\/ld+json\" class=\"yoast-schema-graph\">{\"@context\":\"https:\/\/schema.org\",\"@graph\":[{\"@type\":\"WebPage\",\"@id\":\"https:\/\/centreikebana.com\/es\/mantenimiento\/\",\"url\":\"https:\/\/centreikebana.com\/es\/mantenimiento\/\",\"name\":\"MANTENIMIENTO | Ikebana\",\"isPartOf\":{\"@id\":\"https:\/\/centreikebana.com\/#website\"},\"datePublished\":\"2022-12-22T17:34:39+00:00\",\"dateModified\":\"2022-12-22T17:34:41+00:00\",\"breadcrumb\":{\"@id\":\"https:\/\/centreikebana.com\/es\/mantenimiento\/#breadcrumb\"},\"inLanguage\":\"es\",\"potentialAction\":[{\"@type\":\"ReadAction\",\"target\":[\"https:\/\/centreikebana.com\/es\/mantenimiento\/\"]}]},{\"@type\":\"BreadcrumbList\",\"@id\":\"https:\/\/centreikebana.com\/es\/mantenimiento\/#breadcrumb\",\"itemListElement\":[{\"@type\":\"ListItem\",\"position\":1,\"name\":\"Portada\",\"item\":\"https:\/\/centreikebana.com\/es\/home\/\"},{\"@type\":\"ListItem\",\"position\":2,\"name\":\"MANTENIMIENTO\"}]},{\"@type\":\"WebSite\",\"@id\":\"https:\/\/centreikebana.com\/#website\",\"url\":\"https:\/\/centreikebana.com\/\",\"name\":\"centreikebana.com\",\"description\":\"Centre d&#039;Est\u00e8tica i Massatges Ikebana\",\"publisher\":{\"@id\":\"https:\/\/centreikebana.com\/#organization\"},\"potentialAction\":[{\"@type\":\"SearchAction\",\"target\":{\"@type\":\"EntryPoint\",\"urlTemplate\":\"https:\/\/centreikebana.com\/?s={search_term_string}\"},\"query-input\":{\"@type\":\"PropertyValueSpecification\",\"valueRequired\":true,\"valueName\":\"search_term_string\"}}],\"inLanguage\":\"es\"},{\"@type\":\"Organization\",\"@id\":\"https:\/\/centreikebana.com\/#organization\",\"name\":\"Centre Ikebana\",\"alternateName\":\"Centre d'Est\u00e8tica i Massatge Ikebana\",\"url\":\"https:\/\/centreikebana.com\/\",\"logo\":{\"@type\":\"ImageObject\",\"inLanguage\":\"es\",\"@id\":\"https:\/\/centreikebana.com\/#\/schema\/logo\/image\/\",\"url\":\"https:\/\/centreikebana.com\/wp-content\/uploads\/2020\/10\/logo-ikebana.jpg\",\"contentUrl\":\"https:\/\/centreikebana.com\/wp-content\/uploads\/2020\/10\/logo-ikebana.jpg\",\"width\":300,\"height\":299,\"caption\":\"Centre Ikebana\"},\"image\":{\"@id\":\"https:\/\/centreikebana.com\/#\/schema\/logo\/image\/\"},\"sameAs\":[\"https:\/\/www.facebook.com\/IkebanacentredesteticaIMassatges\/\",\"https:\/\/www.instagram.com\/centre_ikebana\/?hl=es\"]}]}<\/script>\n<!-- \/ Yoast SEO plugin. -->","yoast_head_json":{"title":"MANTENIMIENTO | Ikebana","robots":{"index":"index","follow":"follow","max-snippet":"max-snippet:-1","max-image-preview":"max-image-preview:large","max-video-preview":"max-video-preview:-1"},"canonical":"https:\/\/centreikebana.com\/es\/mantenimiento\/","og_locale":"es_ES","og_type":"article","og_title":"MANTENIMIENTO | Ikebana","og_description":"ESTA P\u00c1GINA ES COMO T\u00da... \u00a1MERECE LO MEJOR! LE ESTAMOS HACIENDO UN TRATAMIENTO.REDESCONTACTOikebana@centreikebana.com+376 842 500&nbsp; Carrer Doctor Palau 46. AD600 Sant Juli\u00e1, Sant Juli\u00e0 de L\u00f2ria, Andorra &nbsp;","og_url":"https:\/\/centreikebana.com\/es\/mantenimiento\/","og_site_name":"Ikebana","article_publisher":"https:\/\/www.facebook.com\/IkebanacentredesteticaIMassatges\/","article_modified_time":"2022-12-22T17:34:41+00:00","twitter_card":"summary_large_image","twitter_misc":{"Tiempo de lectura":"9 minutos"},"schema":{"@context":"https:\/\/schema.org","@graph":[{"@type":"WebPage","@id":"https:\/\/centreikebana.com\/es\/mantenimiento\/","url":"https:\/\/centreikebana.com\/es\/mantenimiento\/","name":"MANTENIMIENTO | Ikebana","isPartOf":{"@id":"https:\/\/centreikebana.com\/#website"},"datePublished":"2022-12-22T17:34:39+00:00","dateModified":"2022-12-22T17:34:41+00:00","breadcrumb":{"@id":"https:\/\/centreikebana.com\/es\/mantenimiento\/#breadcrumb"},"inLanguage":"es","potentialAction":[{"@type":"ReadAction","target":["https:\/\/centreikebana.com\/es\/mantenimiento\/"]}]},{"@type":"BreadcrumbList","@id":"https:\/\/centreikebana.com\/es\/mantenimiento\/#breadcrumb","itemListElement":[{"@type":"ListItem","position":1,"name":"Portada","item":"https:\/\/centreikebana.com\/es\/home\/"},{"@type":"ListItem","position":2,"name":"MANTENIMIENTO"}]},{"@type":"WebSite","@id":"https:\/\/centreikebana.com\/#website","url":"https:\/\/centreikebana.com\/","name":"centreikebana.com","description":"Centre d&#039;Est\u00e8tica i Massatges Ikebana","publisher":{"@id":"https:\/\/centreikebana.com\/#organization"},"potentialAction":[{"@type":"SearchAction","target":{"@type":"EntryPoint","urlTemplate":"https:\/\/centreikebana.com\/?s={search_term_string}"},"query-input":{"@type":"PropertyValueSpecification","valueRequired":true,"valueName":"search_term_string"}}],"inLanguage":"es"},{"@type":"Organization","@id":"https:\/\/centreikebana.com\/#organization","name":"Centre Ikebana","alternateName":"Centre d'Est\u00e8tica i Massatge Ikebana","url":"https:\/\/centreikebana.com\/","logo":{"@type":"ImageObject","inLanguage":"es","@id":"https:\/\/centreikebana.com\/#\/schema\/logo\/image\/","url":"https:\/\/centreikebana.com\/wp-content\/uploads\/2020\/10\/logo-ikebana.jpg","contentUrl":"https:\/\/centreikebana.com\/wp-content\/uploads\/2020\/10\/logo-ikebana.jpg","width":300,"height":299,"caption":"Centre Ikebana"},"image":{"@id":"https:\/\/centreikebana.com\/#\/schema\/logo\/image\/"},"sameAs":["https:\/\/www.facebook.com\/IkebanacentredesteticaIMassatges\/","https:\/\/www.instagram.com\/centre_ikebana\/?hl=es"]}]}},"_links":{"self":[{"href":"https:\/\/centreikebana.com\/es\/wp-json\/wp\/v2\/pages\/2585","targetHints":{"allow":["GET"]}}],"collection":[{"href":"https:\/\/centreikebana.com\/es\/wp-json\/wp\/v2\/pages"}],"about":[{"href":"https:\/\/centreikebana.com\/es\/wp-json\/wp\/v2\/types\/page"}],"author":[{"embeddable":true,"href":"https:\/\/centreikebana.com\/es\/wp-json\/wp\/v2\/users\/7"}],"replies":[{"embeddable":true,"href":"https:\/\/centreikebana.com\/es\/wp-json\/wp\/v2\/comments?post=2585"}],"version-history":[{"count":1,"href":"https:\/\/centreikebana.com\/es\/wp-json\/wp\/v2\/pages\/2585\/revisions"}],"predecessor-version":[{"id":2586,"href":"https:\/\/centreikebana.com\/es\/wp-json\/wp\/v2\/pages\/2585\/revisions\/2586"}],"wp:attachment":[{"href":"https:\/\/centreikebana.com\/es\/wp-json\/wp\/v2\/media?parent=2585"}],"curies":[{"name":"wp","href":"https:\/\/api.w.org\/{rel}","templated":true}]}}