{"id":2575,"date":"2022-12-22T19:01:00","date_gmt":"2022-12-22T17:01:00","guid":{"rendered":"https:\/\/centreikebana.com\/chariot\/"},"modified":"2023-04-12T15:59:00","modified_gmt":"2023-04-12T13:59:00","slug":"panier","status":"publish","type":"page","link":"https:\/\/centreikebana.com\/fr\/panier\/","title":{"rendered":"Panier"},"content":{"rendered":"[et_pb_section][et_pb_row][et_pb_column type=\u00a0\u00bb4_4&Prime;][et_pb_text]<!-- divi:shortcode -->\n\n<!-- \/divi:shortcode -->[\/et_pb_text][\/et_pb_column][\/et_pb_row][\/et_pb_section]","protected":false},"excerpt":{"rendered":"<p><div class=\"et_pb_section et_pb_section_0 et_section_regular\" >\n\t\t\t\t\n\t\t\t\t\n\t\t\t\t\n\t\t\t\t\n\t\t\t\t\n\t\t\t\t\n\t\t\t\t\n\t\t\t\t\n\t\t\t\t\n\t\t\t<\/div><div class=\"et_pb_row et_pb_row_0 et_pb_row_empty\">\n\t\t\t\t\n\t\t\t\t\n\t\t\t\t\n\t\t\t\t\n\t\t\t\t\n\t\t\t<\/div><div class=\"et_pb_module et_pb_text et_pb_text_0  et_pb_text_align_left et_pb_bg_layout_light\">\n\t\t\t\t\n\t\t\t\t\n\t\t\t\t\n\t\t\t\t\n\t\t\t\t\n\t\t\t<\/div> <\/p>\n","protected":false},"author":1,"featured_media":0,"parent":0,"menu_order":0,"comment_status":"closed","ping_status":"closed","template":"","meta":{"_et_pb_use_builder":"on","_et_pb_old_content":"","_et_gb_content_width":"","footnotes":""},"class_list":["post-2575","page","type-page","status-publish","hentry"],"yoast_head":"<!-- This site is optimized with the Yoast SEO plugin v24.1 - https:\/\/yoast.com\/wordpress\/plugins\/seo\/ -->\n<title>Panier | Centre de beaut\u00e9 et de massage Ikebana<\/title>\n<meta name=\"description\" content=\"Panier d&#039;achat du centre de beaut\u00e9 et de massage Ikebana : produits, soins du visage et du corps, massages, manucure et p\u00e9dicure.\" \/>\n<meta name=\"robots\" content=\"noindex, nofollow\" \/>\n<meta property=\"og:locale\" content=\"fr_FR\" \/>\n<meta property=\"og:type\" content=\"article\" \/>\n<meta property=\"og:title\" content=\"Panier | Centre de beaut\u00e9 et de massage Ikebana\" \/>\n<meta property=\"og:description\" content=\"Panier d&#039;achat du centre de beaut\u00e9 et de massage Ikebana : produits, soins du visage et du corps, massages, manucure et p\u00e9dicure.\" \/>\n<meta property=\"og:url\" content=\"https:\/\/centreikebana.com\/fr\/panier\/\" \/>\n<meta property=\"og:site_name\" content=\"Ikebana\" \/>\n<meta property=\"article:publisher\" content=\"https:\/\/www.facebook.com\/IkebanacentredesteticaIMassatges\/\" \/>\n<meta property=\"article:modified_time\" content=\"2023-04-12T13:59:00+00:00\" \/>\n<meta name=\"twitter:card\" content=\"summary_large_image\" \/>\n<meta name=\"twitter:label1\" content=\"Dur\u00e9e de lecture estim\u00e9e\" \/>\n\t<meta name=\"twitter:data1\" content=\"1 minute\" \/>\n<script type=\"application\/ld+json\" class=\"yoast-schema-graph\">{\"@context\":\"https:\/\/schema.org\",\"@graph\":[{\"@type\":\"WebPage\",\"@id\":\"https:\/\/centreikebana.com\/fr\/panier\/\",\"url\":\"https:\/\/centreikebana.com\/fr\/panier\/\",\"name\":\"Panier | Centre de beaut\u00e9 et de massage Ikebana\",\"isPartOf\":{\"@id\":\"https:\/\/centreikebana.com\/#website\"},\"datePublished\":\"2022-12-22T17:01:00+00:00\",\"dateModified\":\"2023-04-12T13:59:00+00:00\",\"description\":\"Panier d'achat du centre de beaut\u00e9 et de massage Ikebana : produits, soins du visage et du corps, massages, manucure et p\u00e9dicure.\",\"breadcrumb\":{\"@id\":\"https:\/\/centreikebana.com\/fr\/panier\/#breadcrumb\"},\"inLanguage\":\"fr-FR\",\"potentialAction\":[{\"@type\":\"ReadAction\",\"target\":[\"https:\/\/centreikebana.com\/fr\/panier\/\"]}]},{\"@type\":\"BreadcrumbList\",\"@id\":\"https:\/\/centreikebana.com\/fr\/panier\/#breadcrumb\",\"itemListElement\":[{\"@type\":\"ListItem\",\"position\":1,\"name\":\"Portada\",\"item\":\"https:\/\/centreikebana.com\/fr\/home\/\"},{\"@type\":\"ListItem\",\"position\":2,\"name\":\"Panier\"}]},{\"@type\":\"WebSite\",\"@id\":\"https:\/\/centreikebana.com\/#website\",\"url\":\"https:\/\/centreikebana.com\/\",\"name\":\"centreikebana.com\",\"description\":\"Centre d&#039;Est\u00e8tica i Massatges Ikebana\",\"publisher\":{\"@id\":\"https:\/\/centreikebana.com\/#organization\"},\"potentialAction\":[{\"@type\":\"SearchAction\",\"target\":{\"@type\":\"EntryPoint\",\"urlTemplate\":\"https:\/\/centreikebana.com\/?s={search_term_string}\"},\"query-input\":{\"@type\":\"PropertyValueSpecification\",\"valueRequired\":true,\"valueName\":\"search_term_string\"}}],\"inLanguage\":\"fr-FR\"},{\"@type\":\"Organization\",\"@id\":\"https:\/\/centreikebana.com\/#organization\",\"name\":\"Centre Ikebana\",\"alternateName\":\"Centre d'Est\u00e8tica i Massatge Ikebana\",\"url\":\"https:\/\/centreikebana.com\/\",\"logo\":{\"@type\":\"ImageObject\",\"inLanguage\":\"fr-FR\",\"@id\":\"https:\/\/centreikebana.com\/#\/schema\/logo\/image\/\",\"url\":\"https:\/\/centreikebana.com\/wp-content\/uploads\/2020\/10\/logo-ikebana.jpg\",\"contentUrl\":\"https:\/\/centreikebana.com\/wp-content\/uploads\/2020\/10\/logo-ikebana.jpg\",\"width\":300,\"height\":299,\"caption\":\"Centre Ikebana\"},\"image\":{\"@id\":\"https:\/\/centreikebana.com\/#\/schema\/logo\/image\/\"},\"sameAs\":[\"https:\/\/www.facebook.com\/IkebanacentredesteticaIMassatges\/\",\"https:\/\/www.instagram.com\/centre_ikebana\/?hl=es\"]}]}<\/script>\n<!-- \/ Yoast SEO plugin. -->","yoast_head_json":{"title":"Panier | Centre de beaut\u00e9 et de massage Ikebana","description":"Panier d'achat du centre de beaut\u00e9 et de massage Ikebana : produits, soins du visage et du corps, massages, manucure et p\u00e9dicure.","robots":{"index":"noindex","follow":"nofollow"},"og_locale":"fr_FR","og_type":"article","og_title":"Panier | Centre de beaut\u00e9 et de massage Ikebana","og_description":"Panier d'achat du centre de beaut\u00e9 et de massage Ikebana : produits, soins du visage et du corps, massages, manucure et p\u00e9dicure.","og_url":"https:\/\/centreikebana.com\/fr\/panier\/","og_site_name":"Ikebana","article_publisher":"https:\/\/www.facebook.com\/IkebanacentredesteticaIMassatges\/","article_modified_time":"2023-04-12T13:59:00+00:00","twitter_card":"summary_large_image","twitter_misc":{"Dur\u00e9e de lecture estim\u00e9e":"1 minute"},"schema":{"@context":"https:\/\/schema.org","@graph":[{"@type":"WebPage","@id":"https:\/\/centreikebana.com\/fr\/panier\/","url":"https:\/\/centreikebana.com\/fr\/panier\/","name":"Panier | Centre de beaut\u00e9 et de massage Ikebana","isPartOf":{"@id":"https:\/\/centreikebana.com\/#website"},"datePublished":"2022-12-22T17:01:00+00:00","dateModified":"2023-04-12T13:59:00+00:00","description":"Panier d'achat du centre de beaut\u00e9 et de massage Ikebana : produits, soins du visage et du corps, massages, manucure et p\u00e9dicure.","breadcrumb":{"@id":"https:\/\/centreikebana.com\/fr\/panier\/#breadcrumb"},"inLanguage":"fr-FR","potentialAction":[{"@type":"ReadAction","target":["https:\/\/centreikebana.com\/fr\/panier\/"]}]},{"@type":"BreadcrumbList","@id":"https:\/\/centreikebana.com\/fr\/panier\/#breadcrumb","itemListElement":[{"@type":"ListItem","position":1,"name":"Portada","item":"https:\/\/centreikebana.com\/fr\/home\/"},{"@type":"ListItem","position":2,"name":"Panier"}]},{"@type":"WebSite","@id":"https:\/\/centreikebana.com\/#website","url":"https:\/\/centreikebana.com\/","name":"centreikebana.com","description":"Centre d&#039;Est\u00e8tica i Massatges Ikebana","publisher":{"@id":"https:\/\/centreikebana.com\/#organization"},"potentialAction":[{"@type":"SearchAction","target":{"@type":"EntryPoint","urlTemplate":"https:\/\/centreikebana.com\/?s={search_term_string}"},"query-input":{"@type":"PropertyValueSpecification","valueRequired":true,"valueName":"search_term_string"}}],"inLanguage":"fr-FR"},{"@type":"Organization","@id":"https:\/\/centreikebana.com\/#organization","name":"Centre Ikebana","alternateName":"Centre d'Est\u00e8tica i Massatge Ikebana","url":"https:\/\/centreikebana.com\/","logo":{"@type":"ImageObject","inLanguage":"fr-FR","@id":"https:\/\/centreikebana.com\/#\/schema\/logo\/image\/","url":"https:\/\/centreikebana.com\/wp-content\/uploads\/2020\/10\/logo-ikebana.jpg","contentUrl":"https:\/\/centreikebana.com\/wp-content\/uploads\/2020\/10\/logo-ikebana.jpg","width":300,"height":299,"caption":"Centre Ikebana"},"image":{"@id":"https:\/\/centreikebana.com\/#\/schema\/logo\/image\/"},"sameAs":["https:\/\/www.facebook.com\/IkebanacentredesteticaIMassatges\/","https:\/\/www.instagram.com\/centre_ikebana\/?hl=es"]}]}},"_links":{"self":[{"href":"https:\/\/centreikebana.com\/fr\/wp-json\/wp\/v2\/pages\/2575","targetHints":{"allow":["GET"]}}],"collection":[{"href":"https:\/\/centreikebana.com\/fr\/wp-json\/wp\/v2\/pages"}],"about":[{"href":"https:\/\/centreikebana.com\/fr\/wp-json\/wp\/v2\/types\/page"}],"author":[{"embeddable":true,"href":"https:\/\/centreikebana.com\/fr\/wp-json\/wp\/v2\/users\/1"}],"replies":[{"embeddable":true,"href":"https:\/\/centreikebana.com\/fr\/wp-json\/wp\/v2\/comments?post=2575"}],"version-history":[{"count":3,"href":"https:\/\/centreikebana.com\/fr\/wp-json\/wp\/v2\/pages\/2575\/revisions"}],"predecessor-version":[{"id":2847,"href":"https:\/\/centreikebana.com\/fr\/wp-json\/wp\/v2\/pages\/2575\/revisions\/2847"}],"wp:attachment":[{"href":"https:\/\/centreikebana.com\/fr\/wp-json\/wp\/v2\/media?parent=2575"}],"curies":[{"name":"wp","href":"https:\/\/api.w.org\/{rel}","templated":true}]}}