{"id":2591,"date":"2022-12-22T20:14:12","date_gmt":"2022-12-22T18:14:12","guid":{"rendered":"https:\/\/centreikebana.com\/boutique\/"},"modified":"2023-08-11T12:49:14","modified_gmt":"2023-08-11T10:49:14","slug":"boutique","status":"publish","type":"page","link":"https:\/\/centreikebana.com\/fr\/boutique\/","title":{"rendered":"BOUTIQUE"},"content":{"rendered":"[et_pb_section fb_built=\u00a0\u00bb1&Prime; _builder_version=\u00a0\u00bb4.17.6&Prime; _module_preset=\u00a0\u00bbdefault\u00a0\u00bb global_colors_info=\u00a0\u00bb{}\u00a0\u00bb custom_padding=\u00a0\u00bb||13px|||\u00a0\u00bb][et_pb_row _builder_version=\u00a0\u00bb4.17.6&Prime; _module_preset=\u00a0\u00bbdefault\u00a0\u00bb global_colors_info=\u00a0\u00bb{}\u00a0\u00bb][et_pb_column type=\u00a0\u00bb4_4&Prime; _builder_version=\u00a0\u00bb4.17.6&Prime; _module_preset=\u00a0\u00bbdefault\u00a0\u00bb global_colors_info=\u00a0\u00bb{}\u00a0\u00bb][et_pb_text _builder_version=\u00a0\u00bb4.17.6&Prime; _module_preset=\u00a0\u00bbdefault\u00a0\u00bb text_font=\u00a0\u00bbAbel||||||||\u00a0\u00bb text_text_color=\u00a0\u00bb#000000&Prime; text_font_size=\u00a0\u00bb72px\u00a0\u00bb text_letter_spacing=\u00a0\u00bb70px\u00a0\u00bb header_font_size=\u00a0\u00bb1px\u00a0\u00bb width=\u00a0\u00bb100%\u00a0\u00bb text_font_size_tablet=\u00a0\u00bb72px\u00a0\u00bb text_font_size_phone=\u00a0\u00bb72px\u00a0\u00bb text_font_size_last_edited=\u00a0\u00bbon|tablet\u00a0\u00bb text_letter_spacing_tablet=\u00a0\u00bb50px\u00a0\u00bb text_letter_spacing_phone=\u00a0\u00bb22px\u00a0\u00bb text_letter_spacing_last_edited=\u00a0\u00bbon|tablet\u00a0\u00bb inline_fonts=\u00a0\u00bbAbel\u00a0\u00bb global_colors_info=\u00a0\u00bb{}\u00a0\u00bb]\r\n<h1 style=\"text-align: center;\"><strong><span style=\"color: #000000; font-size: xx-large; font-family: Abel;\">BOUTIQUE<\/span><\/strong><\/h1>\r\n[\/et_pb_text][\/et_pb_column][\/et_pb_row][\/et_pb_section][et_pb_section fb_built=\u00a0\u00bb1&Prime; _builder_version=\u00a0\u00bb4.17.6&Prime; _module_preset=\u00a0\u00bbdefault\u00a0\u00bb global_colors_info=\u00a0\u00bb{}\u00a0\u00bb custom_padding=\u00a0\u00bb9px|||||\u00a0\u00bb][et_pb_row column_structure=\u00a0\u00bb1_4,3_4&Prime; _builder_version=\u00a0\u00bb4.17.6&Prime; _module_preset=\u00a0\u00bbdefault\u00a0\u00bb global_colors_info=\u00a0\u00bb{}\u00a0\u00bb][et_pb_column type=\u00a0\u00bb1_4&Prime; _builder_version=\u00a0\u00bb4.17.6&Prime; _module_preset=\u00a0\u00bbdefault\u00a0\u00bb global_colors_info=\u00a0\u00bb{}\u00a0\u00bb][et_pb_code _builder_version=\u00a0\u00bb4.17.6&Prime; _module_preset=\u00a0\u00bbdefault\u00a0\u00bb global_colors_info=\u00a0\u00bb{}\u00a0\u00bb]        <form\n\t\t\tdata-post-id=\"2591\"\n\t\t\tdata-slug=\"filtro\"\n\t\t\taction=\"https:\/\/centreikebana.com\/botiga\/\"\n\t\t\tdata-shop=\"https:\/\/centreikebana.com\/botiga\/\"\n\t\t\tmethod=\"get\"\n\t\t\tclass=\"wpf_form wpf_form_filtro wpf_form_scroll wpf_submit_on_change\"\n\t\t\tstyle=\"visibility: hidden;\"\n\t\t\tdata-infinitybuffer=\"300\"\n\t\t>\n            <input type=\"hidden\" name=\"wpf\" value=\"filtro\" \/>\n\t\t\t<input type=\"hidden\" name=\"orderby\" value=\"\" \/>\n\t\t\t<input type=\"hidden\" name=\"wpf_cols\" value=\"\" \/>\n\t\t\t<input type=\"hidden\" name=\"wpf_page\" value=\"1\" \/>\n\t\t\t                        <div class=\"wpf_items_wrapper wpf_layout_vertical\">\n                                                                                                                <div class=\"wpf_item wpf_item_wpf_tag\">\n                                                                    <label class=\"wpf_item_name\">QUE CHERCHEZ-VOUS?<\/label>\n                                                                                                \t\t\t\t\t\t\t\t\t                                                            <\/div>\n                                                                                                                                                            <div class=\"wpf_item wpf_item_wpf_cat\">\n                                                                    <label class=\"wpf_item_name\">CAT\u00c9GORIES<\/label>\n                                                                                                \t\t\t\t\t\t\t\t\t                                                            <\/div>\n                                                                                                                                                            <div class=\"wpf_item wpf_item_price\">\n                                                                    <label class=\"wpf_item_name\">PRIX<\/label>\n                                                                                                <div data-max=\"840\" data-min=\"8\" data-step=\"10\" class=\"wpf_slider\"><\/div>\n\t\t\t\t\t<div class=\"wpf-slider-label\">\n\t\t\t\t\t\t<span class=\"woocommerce-Price-amount amount\"><bdi><span class=\"wpf-price-min\">8<\/span>&nbsp;<span class=\"woocommerce-Price-currencySymbol\">&euro;<\/span><\/bdi><\/span>\t\t\t\t\t\t-\n\t\t\t\t\t\t<span class=\"woocommerce-Price-amount amount\"><bdi><span class=\"wpf-price-max\">840<\/span>&nbsp;<span class=\"woocommerce-Price-currencySymbol\">&euro;<\/span><\/bdi><\/span>\t\t\t\t\t<\/div>\n\t\t\t\t\t<input type=\"hidden\" name=\"wpf_prix-from\" value=\"\" class=\"wpf_price_from\" \/>\n\t\t\t\t\t<input type=\"hidden\" name=\"wpf_prix-to\" value=\"\" class=\"wpf_price_to\" \/>\t\t\t\t\t\t\t\t\t                                                            <\/div>\n                                                                        <\/div>\n                            <div class=\"wpf_reset_btn\"><input type=\"reset\" value=\"Restablir\"\/><\/div>\n            \n\t\t\t<div class=\"wpf-no-products-found\" style=\"display: none;\">\n\t\t\t\t<p class=\"woocommerce-info\">Aucun produit correspondant \u00e0 votre s\u00e9lection n\\\\\\&#039;a \u00e9t\u00e9 trouv\u00e9.<\/p>\n\t\t\t<\/div>\n        <\/form>\n        [\/et_pb_code][\/et_pb_column][et_pb_column type=\u00a0\u00bb3_4&Prime; _builder_version=\u00a0\u00bb4.17.6&Prime; _module_preset=\u00a0\u00bbdefault\u00a0\u00bb global_colors_info=\u00a0\u00bb{}\u00a0\u00bb][et_pb_shop show_pagination=\u00a0\u00bbon\u00a0\u00bb sale_badge_color=\u00a0\u00bb#7CB1DD\u00a0\u00bb _builder_version=\u00a0\u00bb4.17.6&Prime; _module_preset=\u00a0\u00bbdefault\u00a0\u00bb global_colors_info=\u00a0\u00bb{}\u00a0\u00bb][\/et_pb_shop][\/et_pb_column][\/et_pb_row][et_pb_row _builder_version=\u00a0\u00bb4.17.6&Prime; _module_preset=\u00a0\u00bbdefault\u00a0\u00bb global_colors_info=\u00a0\u00bb{}\u00a0\u00bb][et_pb_column type=\u00a0\u00bb4_4&Prime; _builder_version=\u00a0\u00bb4.17.6&Prime; _module_preset=\u00a0\u00bbdefault\u00a0\u00bb global_colors_info=\u00a0\u00bb{}\u00a0\u00bb][et_pb_code _builder_version=\u00a0\u00bb4.17.6&Prime; _module_preset=\u00a0\u00bbdefault\u00a0\u00bb global_colors_info=\u00a0\u00bb{}\u00a0\u00bb][\/et_pb_code][\/et_pb_column][\/et_pb_row][\/et_pb_section]","protected":false},"excerpt":{"rendered":"<p>BOUTIQUE         <form\n\t\t\tdata-post-id=\"2591\"\n\t\t\tdata-slug=\"filtro\"\n\t\t\taction=\"https:\/\/centreikebana.com\/botiga\/\"\n\t\t\tdata-shop=\"https:\/\/centreikebana.com\/botiga\/\"\n\t\t\tmethod=\"get\"\n\t\t\tclass=\"wpf_form wpf_form_filtro wpf_form_scroll wpf_submit_on_change\"\n\t\t\tstyle=\"visibility: hidden;\"\n\t\t\tdata-infinitybuffer=\"300\"\n\t\t>\n            <input type=\"hidden\" name=\"wpf\" value=\"filtro\" \/>\n\t\t\t<input type=\"hidden\" name=\"orderby\" value=\"\" \/>\n\t\t\t<input type=\"hidden\" name=\"wpf_cols\" value=\"\" \/>\n\t\t\t<input type=\"hidden\" name=\"wpf_page\" value=\"1\" \/>\n\t\t\t                        <div class=\"wpf_items_wrapper wpf_layout_vertical\">\n                                                                                                                <div class=\"wpf_item wpf_item_wpf_tag\">\n                                                                    <label class=\"wpf_item_name\">QUE CHERCHEZ-VOUS?<\/label>\n                                                                                                \t\t\t\t\t\t\t\t\t                                                            <\/div>\n                                                                                                                                                            <div class=\"wpf_item wpf_item_wpf_cat\">\n                                                                    <label class=\"wpf_item_name\">CAT\u00c9GORIES<\/label>\n                                                                                                \t\t\t\t\t\t\t\t\t                                                            <\/div>\n                                                                                                                                                            <div class=\"wpf_item wpf_item_price\">\n                                                                    <label class=\"wpf_item_name\">PRIX<\/label>\n                                                                                                <div data-max=\"840\" data-min=\"8\" data-step=\"10\" class=\"wpf_slider\"><\/div>\n\t\t\t\t\t<div class=\"wpf-slider-label\">\n\t\t\t\t\t\t<span class=\"woocommerce-Price-amount amount\"><bdi><span class=\"wpf-price-min\">8<\/span>&nbsp;<span class=\"woocommerce-Price-currencySymbol\">&euro;<\/span><\/bdi><\/span>\t\t\t\t\t\t-\n\t\t\t\t\t\t<span class=\"woocommerce-Price-amount amount\"><bdi><span class=\"wpf-price-max\">840<\/span>&nbsp;<span class=\"woocommerce-Price-currencySymbol\">&euro;<\/span><\/bdi><\/span>\t\t\t\t\t<\/div>\n\t\t\t\t\t<input type=\"hidden\" name=\"wpf_prix-from\" value=\"\" class=\"wpf_price_from\" \/>\n\t\t\t\t\t<input type=\"hidden\" name=\"wpf_prix-to\" value=\"\" class=\"wpf_price_to\" \/>\t\t\t\t\t\t\t\t\t                                                            <\/div>\n                                                                        <\/div>\n                            <div class=\"wpf_reset_btn\"><input type=\"reset\" value=\"Restablir\"\/><\/div>\n            \n\t\t\t<div class=\"wpf-no-products-found\" style=\"display: none;\">\n\t\t\t\t<p class=\"woocommerce-info\">Aucun produit correspondant \u00e0 votre s\u00e9lection n\\\\\\&#039;a \u00e9t\u00e9 trouv\u00e9.<\/p>\n\t\t\t<\/div>\n        <\/form>\n        <\/p>\n","protected":false},"author":1,"featured_media":0,"parent":0,"menu_order":0,"comment_status":"closed","ping_status":"closed","template":"","meta":{"_et_pb_use_builder":"on","_et_pb_old_content":"","_et_gb_content_width":"","footnotes":""},"class_list":["post-2591","page","type-page","status-publish","hentry"],"yoast_head":"<!-- This site is optimized with the Yoast SEO plugin v24.1 - https:\/\/yoast.com\/wordpress\/plugins\/seo\/ -->\n<title>BOUTIQUE | Centre de beaut\u00e9 et de massage Ikebana<\/title>\n<meta name=\"description\" content=\"Boutique en ligne du centre d&#039;esth\u00e9tique et de massage Ikebana : soins du visage et du corps, massages et manucures avec des professionnels qualifi\u00e9s.\" \/>\n<meta name=\"robots\" content=\"index, follow, max-snippet:-1, max-image-preview:large, max-video-preview:-1\" \/>\n<link rel=\"canonical\" href=\"https:\/\/centreikebana.com\/botiga\/\" \/>\n<meta property=\"og:locale\" content=\"fr_FR\" \/>\n<meta property=\"og:type\" content=\"article\" \/>\n<meta property=\"og:title\" content=\"BOUTIQUE | Centre de beaut\u00e9 et de massage Ikebana\" \/>\n<meta property=\"og:description\" content=\"Boutique en ligne du centre d&#039;esth\u00e9tique et de massage Ikebana : soins du visage et du corps, massages et manucures avec des professionnels qualifi\u00e9s.\" \/>\n<meta property=\"og:url\" content=\"https:\/\/centreikebana.com\/botiga\/\" \/>\n<meta property=\"og:site_name\" content=\"Ikebana\" \/>\n<meta property=\"article:publisher\" content=\"https:\/\/www.facebook.com\/IkebanacentredesteticaIMassatges\/\" \/>\n<meta property=\"article:modified_time\" content=\"2023-08-11T10:49:14+00:00\" \/>\n<meta name=\"twitter:card\" content=\"summary_large_image\" \/>\n<meta name=\"twitter:label1\" content=\"Dur\u00e9e de lecture estim\u00e9e\" \/>\n\t<meta name=\"twitter:data1\" content=\"1 minute\" \/>\n<script type=\"application\/ld+json\" class=\"yoast-schema-graph\">{\"@context\":\"https:\/\/schema.org\",\"@graph\":[{\"@type\":\"WebPage\",\"@id\":\"https:\/\/centreikebana.com\/botiga\/\",\"url\":\"https:\/\/centreikebana.com\/botiga\/\",\"name\":\"BOUTIQUE | Centre de beaut\u00e9 et de massage Ikebana\",\"isPartOf\":{\"@id\":\"https:\/\/centreikebana.com\/#website\"},\"datePublished\":\"2022-12-22T18:14:12+00:00\",\"dateModified\":\"2023-08-11T10:49:14+00:00\",\"description\":\"Boutique en ligne du centre d'esth\u00e9tique et de massage Ikebana : soins du visage et du corps, massages et manucures avec des professionnels qualifi\u00e9s.\",\"breadcrumb\":{\"@id\":\"https:\/\/centreikebana.com\/botiga\/#breadcrumb\"},\"inLanguage\":\"fr-FR\",\"potentialAction\":[{\"@type\":\"ReadAction\",\"target\":[\"https:\/\/centreikebana.com\/botiga\/\"]}]},{\"@type\":\"BreadcrumbList\",\"@id\":\"https:\/\/centreikebana.com\/botiga\/#breadcrumb\",\"itemListElement\":[{\"@type\":\"ListItem\",\"position\":1,\"name\":\"Portada\",\"item\":\"https:\/\/centreikebana.com\/fr\/home\/\"},{\"@type\":\"ListItem\",\"position\":2,\"name\":\"BOUTIQUE\"}]},{\"@type\":\"WebSite\",\"@id\":\"https:\/\/centreikebana.com\/#website\",\"url\":\"https:\/\/centreikebana.com\/\",\"name\":\"centreikebana.com\",\"description\":\"Centre d&#039;Est\u00e8tica i Massatges Ikebana\",\"publisher\":{\"@id\":\"https:\/\/centreikebana.com\/#organization\"},\"potentialAction\":[{\"@type\":\"SearchAction\",\"target\":{\"@type\":\"EntryPoint\",\"urlTemplate\":\"https:\/\/centreikebana.com\/?s={search_term_string}\"},\"query-input\":{\"@type\":\"PropertyValueSpecification\",\"valueRequired\":true,\"valueName\":\"search_term_string\"}}],\"inLanguage\":\"fr-FR\"},{\"@type\":\"Organization\",\"@id\":\"https:\/\/centreikebana.com\/#organization\",\"name\":\"Centre Ikebana\",\"alternateName\":\"Centre d'Est\u00e8tica i Massatge Ikebana\",\"url\":\"https:\/\/centreikebana.com\/\",\"logo\":{\"@type\":\"ImageObject\",\"inLanguage\":\"fr-FR\",\"@id\":\"https:\/\/centreikebana.com\/#\/schema\/logo\/image\/\",\"url\":\"https:\/\/centreikebana.com\/wp-content\/uploads\/2020\/10\/logo-ikebana.jpg\",\"contentUrl\":\"https:\/\/centreikebana.com\/wp-content\/uploads\/2020\/10\/logo-ikebana.jpg\",\"width\":300,\"height\":299,\"caption\":\"Centre Ikebana\"},\"image\":{\"@id\":\"https:\/\/centreikebana.com\/#\/schema\/logo\/image\/\"},\"sameAs\":[\"https:\/\/www.facebook.com\/IkebanacentredesteticaIMassatges\/\",\"https:\/\/www.instagram.com\/centre_ikebana\/?hl=es\"]}]}<\/script>\n<!-- \/ Yoast SEO plugin. -->","yoast_head_json":{"title":"BOUTIQUE | Centre de beaut\u00e9 et de massage Ikebana","description":"Boutique en ligne du centre d'esth\u00e9tique et de massage Ikebana : soins du visage et du corps, massages et manucures avec des professionnels qualifi\u00e9s.","robots":{"index":"index","follow":"follow","max-snippet":"max-snippet:-1","max-image-preview":"max-image-preview:large","max-video-preview":"max-video-preview:-1"},"canonical":"https:\/\/centreikebana.com\/botiga\/","og_locale":"fr_FR","og_type":"article","og_title":"BOUTIQUE | Centre de beaut\u00e9 et de massage Ikebana","og_description":"Boutique en ligne du centre d'esth\u00e9tique et de massage Ikebana : soins du visage et du corps, massages et manucures avec des professionnels qualifi\u00e9s.","og_url":"https:\/\/centreikebana.com\/botiga\/","og_site_name":"Ikebana","article_publisher":"https:\/\/www.facebook.com\/IkebanacentredesteticaIMassatges\/","article_modified_time":"2023-08-11T10:49:14+00:00","twitter_card":"summary_large_image","twitter_misc":{"Dur\u00e9e de lecture estim\u00e9e":"1 minute"},"schema":{"@context":"https:\/\/schema.org","@graph":[{"@type":"WebPage","@id":"https:\/\/centreikebana.com\/botiga\/","url":"https:\/\/centreikebana.com\/botiga\/","name":"BOUTIQUE | Centre de beaut\u00e9 et de massage Ikebana","isPartOf":{"@id":"https:\/\/centreikebana.com\/#website"},"datePublished":"2022-12-22T18:14:12+00:00","dateModified":"2023-08-11T10:49:14+00:00","description":"Boutique en ligne du centre d'esth\u00e9tique et de massage Ikebana : soins du visage et du corps, massages et manucures avec des professionnels qualifi\u00e9s.","breadcrumb":{"@id":"https:\/\/centreikebana.com\/botiga\/#breadcrumb"},"inLanguage":"fr-FR","potentialAction":[{"@type":"ReadAction","target":["https:\/\/centreikebana.com\/botiga\/"]}]},{"@type":"BreadcrumbList","@id":"https:\/\/centreikebana.com\/botiga\/#breadcrumb","itemListElement":[{"@type":"ListItem","position":1,"name":"Portada","item":"https:\/\/centreikebana.com\/fr\/home\/"},{"@type":"ListItem","position":2,"name":"BOUTIQUE"}]},{"@type":"WebSite","@id":"https:\/\/centreikebana.com\/#website","url":"https:\/\/centreikebana.com\/","name":"centreikebana.com","description":"Centre d&#039;Est\u00e8tica i Massatges Ikebana","publisher":{"@id":"https:\/\/centreikebana.com\/#organization"},"potentialAction":[{"@type":"SearchAction","target":{"@type":"EntryPoint","urlTemplate":"https:\/\/centreikebana.com\/?s={search_term_string}"},"query-input":{"@type":"PropertyValueSpecification","valueRequired":true,"valueName":"search_term_string"}}],"inLanguage":"fr-FR"},{"@type":"Organization","@id":"https:\/\/centreikebana.com\/#organization","name":"Centre Ikebana","alternateName":"Centre d'Est\u00e8tica i Massatge Ikebana","url":"https:\/\/centreikebana.com\/","logo":{"@type":"ImageObject","inLanguage":"fr-FR","@id":"https:\/\/centreikebana.com\/#\/schema\/logo\/image\/","url":"https:\/\/centreikebana.com\/wp-content\/uploads\/2020\/10\/logo-ikebana.jpg","contentUrl":"https:\/\/centreikebana.com\/wp-content\/uploads\/2020\/10\/logo-ikebana.jpg","width":300,"height":299,"caption":"Centre Ikebana"},"image":{"@id":"https:\/\/centreikebana.com\/#\/schema\/logo\/image\/"},"sameAs":["https:\/\/www.facebook.com\/IkebanacentredesteticaIMassatges\/","https:\/\/www.instagram.com\/centre_ikebana\/?hl=es"]}]}},"_links":{"self":[{"href":"https:\/\/centreikebana.com\/fr\/wp-json\/wp\/v2\/pages\/2591","targetHints":{"allow":["GET"]}}],"collection":[{"href":"https:\/\/centreikebana.com\/fr\/wp-json\/wp\/v2\/pages"}],"about":[{"href":"https:\/\/centreikebana.com\/fr\/wp-json\/wp\/v2\/types\/page"}],"author":[{"embeddable":true,"href":"https:\/\/centreikebana.com\/fr\/wp-json\/wp\/v2\/users\/1"}],"replies":[{"embeddable":true,"href":"https:\/\/centreikebana.com\/fr\/wp-json\/wp\/v2\/comments?post=2591"}],"version-history":[{"count":3,"href":"https:\/\/centreikebana.com\/fr\/wp-json\/wp\/v2\/pages\/2591\/revisions"}],"predecessor-version":[{"id":2859,"href":"https:\/\/centreikebana.com\/fr\/wp-json\/wp\/v2\/pages\/2591\/revisions\/2859"}],"wp:attachment":[{"href":"https:\/\/centreikebana.com\/fr\/wp-json\/wp\/v2\/media?parent=2591"}],"curies":[{"name":"wp","href":"https:\/\/api.w.org\/{rel}","templated":true}]}}